{"id":2363,"date":"2020-11-10T08:55:27","date_gmt":"2020-11-10T13:55:27","guid":{"rendered":"http:\/\/northwoodhc.com\/contactez-nous\/interested-in-building\/"},"modified":"2020-11-12T12:17:44","modified_gmt":"2020-11-12T17:17:44","slug":"interesse-a-construire","status":"publish","type":"page","link":"https:\/\/northwoodhc.com\/fr\/contactez-nous\/interesse-a-construire\/","title":{"rendered":"Int\u00e9ress\u00e9 \u00e0 construire ?"},"content":{"rendered":"","protected":false},"excerpt":{"rendered":"","protected":false},"author":2,"featured_media":0,"parent":2281,"menu_order":0,"comment_status":"closed","ping_status":"closed","template":"","meta":{"_acf_changed":false,"footnotes":""},"class_list":["post-2363","page","type-page","status-publish","hentry"],"acf":[],"_links":{"self":[{"href":"https:\/\/northwoodhc.com\/fr\/wp-json\/wp\/v2\/pages\/2363","targetHints":{"allow":["GET"]}}],"collection":[{"href":"https:\/\/northwoodhc.com\/fr\/wp-json\/wp\/v2\/pages"}],"about":[{"href":"https:\/\/northwoodhc.com\/fr\/wp-json\/wp\/v2\/types\/page"}],"author":[{"embeddable":true,"href":"https:\/\/northwoodhc.com\/fr\/wp-json\/wp\/v2\/users\/2"}],"replies":[{"embeddable":true,"href":"https:\/\/northwoodhc.com\/fr\/wp-json\/wp\/v2\/comments?post=2363"}],"version-history":[{"count":2,"href":"https:\/\/northwoodhc.com\/fr\/wp-json\/wp\/v2\/pages\/2363\/revisions"}],"predecessor-version":[{"id":2365,"href":"https:\/\/northwoodhc.com\/fr\/wp-json\/wp\/v2\/pages\/2363\/revisions\/2365"}],"up":[{"embeddable":true,"href":"https:\/\/northwoodhc.com\/fr\/wp-json\/wp\/v2\/pages\/2281"}],"wp:attachment":[{"href":"https:\/\/northwoodhc.com\/fr\/wp-json\/wp\/v2\/media?parent=2363"}],"curies":[{"name":"wp","href":"https:\/\/api.w.org\/{rel}","templated":true}]}}